{"id":143,"date":"2023-03-05T14:07:13","date_gmt":"2023-03-05T13:07:13","guid":{"rendered":"https:\/\/poney-club-chavanod.fr\/?page_id=143"},"modified":"2024-09-24T18:29:00","modified_gmt":"2024-09-24T16:29:00","slug":"stages","status":"publish","type":"page","link":"https:\/\/poney-club-chavanod.fr\/index.php\/stages\/","title":{"rendered":"Stages"},"content":{"rendered":"\n<figure class=\"wp-block-table alignwide has-medium-font-size\"><table><tbody><tr><td class=\"has-text-align-center\" data-align=\"center\"><strong><mark style=\"background-color:rgba(0, 0, 0, 0)\" class=\"has-inline-color has-ast-global-color-0-color\">Stages<\/mark><\/strong><\/td><td class=\"has-text-align-center\" data-align=\"center\"><strong>Adh\u00e9rents<\/strong><\/td><td class=\"has-text-align-center\" data-align=\"center\"><strong>Non-Adh\u00e9rents<\/strong><\/td><\/tr><tr><td class=\"has-text-align-center\" data-align=\"center\"><strong>Semaine<\/strong><\/td><td class=\"has-text-align-center\" data-align=\"center\">240\u20ac<\/td><td class=\"has-text-align-center\" data-align=\"center\">280\u20ac<\/td><\/tr><tr><td class=\"has-text-align-center\" data-align=\"center\"><strong>Journ\u00e9e<\/strong><\/td><td class=\"has-text-align-center\" data-align=\"center\">55\u20ac<\/td><td class=\"has-text-align-center\" data-align=\"center\">65\u20ac<\/td><\/tr><tr><td class=\"has-text-align-center\" data-align=\"center\"><strong>Demi-Journ\u00e9e<\/strong><\/td><td class=\"has-text-align-center\" data-align=\"center\">35\u20ac<\/td><td class=\"has-text-align-center\" data-align=\"center\">45\u20ac<\/td><\/tr><\/tbody><\/table><figcaption class=\"wp-element-caption\"><br>* <em>Merci de fournir une attestation d&rsquo;assurance<\/em><\/figcaption><\/figure>\n\n\n\n<div style=\"height:100px\" aria-hidden=\"true\" class=\"wp-block-spacer\"><\/div>\n\n\n\n<div style=\"height:100px\" aria-hidden=\"true\" class=\"wp-block-spacer\"><\/div>\n\n\n\n<p class=\"has-ast-global-color-4-background-color has-background has-medium-font-size\"><strong>A pr\u00e9voir pour les stages : <\/strong><br>\u25cf L&rsquo;\u00e9quipement du Cavalier : bombe, bottes ou boots, dorsale ou air bag (pour celles et ceux qui en ont).<br>\u25cf Le repas du midi et le go\u00fbter. Pensez \u00e9galement \u00e0 prendre suffisamment d&rsquo;eau pour la journ\u00e9e.<br>\u25cf Des v\u00eatements de pluie et de rechange en cas de mauvais temps, mais aussi de la cr\u00e8me solaire si le soleil est pr\u00e9sent.<br>\u25cf Des chaussures confortables pour le midi et une casquette.<\/p>\n","protected":false},"excerpt":{"rendered":"<p>Stages Adh\u00e9rents Non-Adh\u00e9rents Semaine 240\u20ac 280\u20ac Journ\u00e9e 55\u20ac 65\u20ac Demi-Journ\u00e9e 35\u20ac 45\u20ac * Merci de fournir une attestation d&rsquo;assurance A pr\u00e9voir pour les stages : \u25cf L&rsquo;\u00e9quipement du Cavalier : bombe, bottes ou boots, dorsale ou air bag (pour celles et ceux qui en ont).\u25cf Le repas du midi et le go\u00fbter. Pensez \u00e9galement \u00e0 &hellip;<\/p>\n<p class=\"read-more\"> <a class=\"\" href=\"https:\/\/poney-club-chavanod.fr\/index.php\/stages\/\"> <span class=\"screen-reader-text\">Stages<\/span> Lire la suite\u00a0\u00bb<\/a><\/p>\n","protected":false},"author":1,"featured_media":0,"parent":0,"menu_order":2,"comment_status":"closed","ping_status":"closed","template":"","meta":{"site-sidebar-layout":"default","site-content-layout":"default","ast-global-header-display":"","ast-main-header-display":"","ast-hfb-above-header-display":"","ast-hfb-below-header-display":"","ast-hfb-mobile-header-display":"","site-post-title":"","ast-breadcrumbs-content":"","ast-featured-img":"","footer-sml-layout":"","theme-transparent-header-meta":"","adv-header-id-meta":"","stick-header-meta":"","header-above-stick-meta":"","header-main-stick-meta":"","header-below-stick-meta":"","footnotes":""},"class_list":["post-143","page","type-page","status-publish","hentry"],"_links":{"self":[{"href":"https:\/\/poney-club-chavanod.fr\/index.php\/wp-json\/wp\/v2\/pages\/143","targetHints":{"allow":["GET"]}}],"collection":[{"href":"https:\/\/poney-club-chavanod.fr\/index.php\/wp-json\/wp\/v2\/pages"}],"about":[{"href":"https:\/\/poney-club-chavanod.fr\/index.php\/wp-json\/wp\/v2\/types\/page"}],"author":[{"embeddable":true,"href":"https:\/\/poney-club-chavanod.fr\/index.php\/wp-json\/wp\/v2\/users\/1"}],"replies":[{"embeddable":true,"href":"https:\/\/poney-club-chavanod.fr\/index.php\/wp-json\/wp\/v2\/comments?post=143"}],"version-history":[{"count":11,"href":"https:\/\/poney-club-chavanod.fr\/index.php\/wp-json\/wp\/v2\/pages\/143\/revisions"}],"predecessor-version":[{"id":410,"href":"https:\/\/poney-club-chavanod.fr\/index.php\/wp-json\/wp\/v2\/pages\/143\/revisions\/410"}],"wp:attachment":[{"href":"https:\/\/poney-club-chavanod.fr\/index.php\/wp-json\/wp\/v2\/media?parent=143"}],"curies":[{"name":"wp","href":"https:\/\/api.w.org\/{rel}","templated":true}]}}