{"id":15,"date":"2023-02-19T18:44:58","date_gmt":"2023-02-19T17:44:58","guid":{"rendered":"https:\/\/poney-club-chavanod.fr\/?page_id=15"},"modified":"2025-10-15T19:45:19","modified_gmt":"2025-10-15T17:45:19","slug":"planning-des-cours","status":"publish","type":"page","link":"https:\/\/poney-club-chavanod.fr\/index.php\/planning-des-cours\/","title":{"rendered":"Cours"},"content":{"rendered":"\t\t<div data-elementor-type=\"wp-page\" data-elementor-id=\"15\" class=\"elementor elementor-15\">\n\t\t\t\t\t\t<section class=\"elementor-section elementor-top-section elementor-element elementor-element-2d672f4b elementor-section-boxed elementor-section-height-default elementor-section-height-default\" data-id=\"2d672f4b\" data-element_type=\"section\">\n\t\t\t\t\t\t<div class=\"elementor-container elementor-column-gap-default\">\n\t\t\t\t\t<div class=\"elementor-column elementor-col-100 elementor-top-column elementor-element elementor-element-3626a15b\" data-id=\"3626a15b\" data-element_type=\"column\">\n\t\t\t<div class=\"elementor-widget-wrap elementor-element-populated\">\n\t\t\t\t\t\t<div class=\"elementor-element elementor-element-30914b9f elementor-widget elementor-widget-text-editor\" data-id=\"30914b9f\" data-element_type=\"widget\" data-widget_type=\"text-editor.default\">\n\t\t\t\t<div class=\"elementor-widget-container\">\n\t\t\t\t\t\t\t\t\t<p><\/p>\n<p><\/p>\n<p class=\"has-text-align-left\">Vous trouverez ici le planning des cours d&rsquo;\u00e9quitation pour<strong> l&rsquo;ann\u00e9e 2025-2026<\/strong> au Poney Club de Chavanod. Pour tout renseignement, n&rsquo;h\u00e9sitez pas \u00e0 nous contacter. Il est possible de faire des cours particuliers sur demande. Des cours de <strong>1&nbsp;h&nbsp;30<\/strong> sont assur\u00e9s pour certains groupes, afin de permettre aux cavaliers de r\u00e9aliser des s\u00e9ances plus approfondies.<\/p><p class=\"has-text-align-left\"><br><\/p><p class=\"has-text-align-left\"><br><\/p>\n<p><\/p>\n<div class=\"wp-block-spacer\" style=\"height: 67px;\" aria-hidden=\"true\">&nbsp;<span style=\"color: rgb(58, 58, 58); font-family: &quot;DM Serif Display&quot;, serif; font-size: 2.375rem; font-style: inherit; font-weight: inherit; text-align: center;\">Retrouvez les horaires des cours pour l&rsquo;ann\u00e9e 2025-2026<\/span><\/div>\n<p><\/p>\n<div class=\"wp-block-spacer\" style=\"height: 87px;\" aria-hidden=\"true\">&nbsp;<\/div>\n<p><\/p>\n<p>Les chevaux sont au repos le dimanche et le lundi.<br>Attention, certains horaires sont encore susceptibles d&rsquo;\u00e9voluer en fonction de la demande.<\/p>\n<p><\/p>\n<div class=\"wp-block-spacer\" style=\"height: 82px;\" aria-hidden=\"true\">&nbsp;<\/div>\n<p><\/p>\n<figure class=\"wp-block-image aligncenter size-large\"><img fetchpriority=\"high\" decoding=\"async\" width=\"723\" height=\"1024\" class=\"wp-image-576\" src=\"https:\/\/poney-club-chavanod.fr\/wp-content\/uploads\/2025\/09\/Horaires-2025-2026-1-723x1024.jpeg\" alt=\"\" srcset=\"https:\/\/poney-club-chavanod.fr\/wp-content\/uploads\/2025\/09\/Horaires-2025-2026-1-723x1024.jpeg 723w, https:\/\/poney-club-chavanod.fr\/wp-content\/uploads\/2025\/09\/Horaires-2025-2026-1-212x300.jpeg 212w, https:\/\/poney-club-chavanod.fr\/wp-content\/uploads\/2025\/09\/Horaires-2025-2026-1-768x1087.jpeg 768w, https:\/\/poney-club-chavanod.fr\/wp-content\/uploads\/2025\/09\/Horaires-2025-2026-1.jpeg 787w\" sizes=\"(max-width: 723px) 100vw, 723px\" \/><\/figure>\n<p><\/p>\n<div class=\"wp-block-spacer\" style=\"height: 100px;\" aria-hidden=\"true\">&nbsp;<\/div>\n<p><\/p>\n<div class=\"wp-block-columns is-layout-flex wp-container-core-columns-is-layout-28f84493 wp-block-columns-is-layout-flex\"><p><\/p>\n<div class=\"wp-block-column is-layout-flow wp-block-column-is-layout-flow\"><p><\/p>\n<figure class=\"wp-block-image size-large\"><img decoding=\"async\" width=\"1024\" height=\"683\" class=\"wp-image-162\" src=\"http:\/\/poney-club-chavanod.fr\/wp-content\/uploads\/2023\/03\/IMG_8810-1024x683.jpg\" alt=\"chevaux poney club chavanod pr\u00e9\" srcset=\"https:\/\/poney-club-chavanod.fr\/wp-content\/uploads\/2023\/03\/IMG_8810-1024x683.jpg 1024w, https:\/\/poney-club-chavanod.fr\/wp-content\/uploads\/2023\/03\/IMG_8810-300x200.jpg 300w, https:\/\/poney-club-chavanod.fr\/wp-content\/uploads\/2023\/03\/IMG_8810-768x512.jpg 768w, https:\/\/poney-club-chavanod.fr\/wp-content\/uploads\/2023\/03\/IMG_8810-1536x1024.jpg 1536w, https:\/\/poney-club-chavanod.fr\/wp-content\/uploads\/2023\/03\/IMG_8810-2048x1365.jpg 2048w\" sizes=\"(max-width: 1024px) 100vw, 1024px\" \/><\/figure>\n<p><\/p><\/div>\n<p><\/p>\n<div class=\"wp-block-column is-layout-flow wp-block-column-is-layout-flow\"><p><\/p>\n<figure class=\"wp-block-image size-large is-resized\"><img decoding=\"async\" width=\"1024\" height=\"683\" class=\"wp-image-151\" style=\"width: 354px; height: 236px;\" src=\"https:\/\/poney-club-chavanod.fr\/wp-content\/uploads\/2023\/03\/IMG_8857-1024x683.jpg\" alt=\"\" srcset=\"https:\/\/poney-club-chavanod.fr\/wp-content\/uploads\/2023\/03\/IMG_8857-1024x683.jpg 1024w, https:\/\/poney-club-chavanod.fr\/wp-content\/uploads\/2023\/03\/IMG_8857-300x200.jpg 300w, https:\/\/poney-club-chavanod.fr\/wp-content\/uploads\/2023\/03\/IMG_8857-768x512.jpg 768w, https:\/\/poney-club-chavanod.fr\/wp-content\/uploads\/2023\/03\/IMG_8857-1536x1024.jpg 1536w, https:\/\/poney-club-chavanod.fr\/wp-content\/uploads\/2023\/03\/IMG_8857-2048x1365.jpg 2048w\" sizes=\"(max-width: 1024px) 100vw, 1024px\" \/><\/figure>\n<p><\/p><\/div>\n<p><\/p>\n<div class=\"wp-block-column is-layout-flow wp-block-column-is-layout-flow\"><p><\/p>\n<figure class=\"wp-block-image size-large\"><img loading=\"lazy\" decoding=\"async\" width=\"1024\" height=\"683\" class=\"wp-image-163\" src=\"http:\/\/poney-club-chavanod.fr\/wp-content\/uploads\/2023\/03\/IMG_8847-1024x683.jpg\" alt=\"chevaux pr\u00e9 chavanod\" srcset=\"https:\/\/poney-club-chavanod.fr\/wp-content\/uploads\/2023\/03\/IMG_8847-1024x683.jpg 1024w, https:\/\/poney-club-chavanod.fr\/wp-content\/uploads\/2023\/03\/IMG_8847-300x200.jpg 300w, https:\/\/poney-club-chavanod.fr\/wp-content\/uploads\/2023\/03\/IMG_8847-768x512.jpg 768w, https:\/\/poney-club-chavanod.fr\/wp-content\/uploads\/2023\/03\/IMG_8847-1536x1024.jpg 1536w, https:\/\/poney-club-chavanod.fr\/wp-content\/uploads\/2023\/03\/IMG_8847-2048x1365.jpg 2048w\" sizes=\"(max-width: 1024px) 100vw, 1024px\" \/><\/figure>\n<p><\/p><\/div>\n<p><\/p><\/div>\n<p><\/p>\t\t\t\t\t\t\t\t<\/div>\n\t\t\t\t<\/div>\n\t\t\t\t\t<\/div>\n\t\t<\/div>\n\t\t\t\t\t<\/div>\n\t\t<\/section>\n\t\t\t\t<\/div>\n\t\t","protected":false},"excerpt":{"rendered":"<p>Vous trouverez ici le planning des cours d&rsquo;\u00e9quitation pour l&rsquo;ann\u00e9e 2025-2026 au Poney Club de Chavanod. Pour tout renseignement, n&rsquo;h\u00e9sitez pas \u00e0 nous contacter. Il est possible de faire des cours particuliers sur demande. Des cours de 1&nbsp;h&nbsp;30 sont assur\u00e9s pour certains groupes, afin de permettre aux cavaliers de r\u00e9aliser des s\u00e9ances plus approfondies. Les &hellip;<\/p>\n<p class=\"read-more\"> <a class=\"\" href=\"https:\/\/poney-club-chavanod.fr\/index.php\/planning-des-cours\/\"> <span class=\"screen-reader-text\">Cours<\/span> Lire la suite\u00a0\u00bb<\/a><\/p>\n","protected":false},"author":1,"featured_media":0,"parent":0,"menu_order":2,"comment_status":"closed","ping_status":"closed","template":"","meta":{"site-sidebar-layout":"default","site-content-layout":"default","ast-global-header-display":"","ast-main-header-display":"","ast-hfb-above-header-display":"","ast-hfb-below-header-display":"","ast-hfb-mobile-header-display":"","site-post-title":"disabled","ast-breadcrumbs-content":"","ast-featured-img":"","footer-sml-layout":"","theme-transparent-header-meta":"","adv-header-id-meta":"","stick-header-meta":"","header-above-stick-meta":"","header-main-stick-meta":"","header-below-stick-meta":"","footnotes":""},"class_list":["post-15","page","type-page","status-publish","hentry"],"_links":{"self":[{"href":"https:\/\/poney-club-chavanod.fr\/index.php\/wp-json\/wp\/v2\/pages\/15","targetHints":{"allow":["GET"]}}],"collection":[{"href":"https:\/\/poney-club-chavanod.fr\/index.php\/wp-json\/wp\/v2\/pages"}],"about":[{"href":"https:\/\/poney-club-chavanod.fr\/index.php\/wp-json\/wp\/v2\/types\/page"}],"author":[{"embeddable":true,"href":"https:\/\/poney-club-chavanod.fr\/index.php\/wp-json\/wp\/v2\/users\/1"}],"replies":[{"embeddable":true,"href":"https:\/\/poney-club-chavanod.fr\/index.php\/wp-json\/wp\/v2\/comments?post=15"}],"version-history":[{"count":24,"href":"https:\/\/poney-club-chavanod.fr\/index.php\/wp-json\/wp\/v2\/pages\/15\/revisions"}],"predecessor-version":[{"id":602,"href":"https:\/\/poney-club-chavanod.fr\/index.php\/wp-json\/wp\/v2\/pages\/15\/revisions\/602"}],"wp:attachment":[{"href":"https:\/\/poney-club-chavanod.fr\/index.php\/wp-json\/wp\/v2\/media?parent=15"}],"curies":[{"name":"wp","href":"https:\/\/api.w.org\/{rel}","templated":true}]}}