{"id":554,"date":"2025-06-11T22:27:04","date_gmt":"2025-06-11T20:27:04","guid":{"rendered":"https:\/\/poney-club-chavanod.fr\/?page_id=554"},"modified":"2025-11-25T11:45:53","modified_gmt":"2025-11-25T10:45:53","slug":"bons-cadeau","status":"publish","type":"page","link":"https:\/\/poney-club-chavanod.fr\/index.php\/bons-cadeau\/","title":{"rendered":"Bon Cadeau"},"content":{"rendered":"\n<p>En panne d&rsquo;inspiration pour un cadeau ?<\/p>\n\n\n\n<p>Offrez un bon pour un cours particulier ou encore mieux un cours collectif entre amis, un participation \u00e0 un stage ou un v\u00eatement du club !!!<\/p>\n\n\n\n<p>N&rsquo;h\u00e9sitez pas \u00e0 nous contacter au 06 69 57 04 16 ou venez nous rendre visite. Gilles se fera un plaisir de vous d\u00e9livrer votre bon cadeau.<\/p>\n\n\n\n<figure class=\"wp-block-image size-large\"><img fetchpriority=\"high\" decoding=\"async\" width=\"724\" height=\"1024\" src=\"http:\/\/poney-club-chavanod.fr\/wp-content\/uploads\/2025\/11\/Affiche-Noel-2-724x1024.jpg\" alt=\"\" class=\"wp-image-695\" srcset=\"https:\/\/poney-club-chavanod.fr\/wp-content\/uploads\/2025\/11\/Affiche-Noel-2-724x1024.jpg 724w, https:\/\/poney-club-chavanod.fr\/wp-content\/uploads\/2025\/11\/Affiche-Noel-2-212x300.jpg 212w, https:\/\/poney-club-chavanod.fr\/wp-content\/uploads\/2025\/11\/Affiche-Noel-2-768x1086.jpg 768w, https:\/\/poney-club-chavanod.fr\/wp-content\/uploads\/2025\/11\/Affiche-Noel-2-1086x1536.jpg 1086w, https:\/\/poney-club-chavanod.fr\/wp-content\/uploads\/2025\/11\/Affiche-Noel-2.jpg 1786w\" sizes=\"(max-width: 724px) 100vw, 724px\" \/><\/figure>\n","protected":false},"excerpt":{"rendered":"<p>En panne d&rsquo;inspiration pour un cadeau ? Offrez un bon pour un cours particulier ou encore mieux un cours collectif entre amis, un participation \u00e0 un stage ou un v\u00eatement du club !!! N&rsquo;h\u00e9sitez pas \u00e0 nous contacter au 06 69 57 04 16 ou venez nous rendre visite. Gilles se fera un plaisir de &hellip;<\/p>\n<p class=\"read-more\"> <a class=\"\" href=\"https:\/\/poney-club-chavanod.fr\/index.php\/bons-cadeau\/\"> <span class=\"screen-reader-text\">Bon Cadeau<\/span> Lire la suite\u00a0\u00bb<\/a><\/p>\n","protected":false},"author":1,"featured_media":0,"parent":0,"menu_order":0,"comment_status":"closed","ping_status":"closed","template":"","meta":{"site-sidebar-layout":"default","site-content-layout":"default","ast-global-header-display":"","ast-main-header-display":"","ast-hfb-above-header-display":"","ast-hfb-below-header-display":"","ast-hfb-mobile-header-display":"","site-post-title":"","ast-breadcrumbs-content":"","ast-featured-img":"","footer-sml-layout":"","theme-transparent-header-meta":"","adv-header-id-meta":"","stick-header-meta":"","header-above-stick-meta":"","header-main-stick-meta":"","header-below-stick-meta":"","footnotes":""},"class_list":["post-554","page","type-page","status-publish","hentry"],"_links":{"self":[{"href":"https:\/\/poney-club-chavanod.fr\/index.php\/wp-json\/wp\/v2\/pages\/554","targetHints":{"allow":["GET"]}}],"collection":[{"href":"https:\/\/poney-club-chavanod.fr\/index.php\/wp-json\/wp\/v2\/pages"}],"about":[{"href":"https:\/\/poney-club-chavanod.fr\/index.php\/wp-json\/wp\/v2\/types\/page"}],"author":[{"embeddable":true,"href":"https:\/\/poney-club-chavanod.fr\/index.php\/wp-json\/wp\/v2\/users\/1"}],"replies":[{"embeddable":true,"href":"https:\/\/poney-club-chavanod.fr\/index.php\/wp-json\/wp\/v2\/comments?post=554"}],"version-history":[{"count":4,"href":"https:\/\/poney-club-chavanod.fr\/index.php\/wp-json\/wp\/v2\/pages\/554\/revisions"}],"predecessor-version":[{"id":703,"href":"https:\/\/poney-club-chavanod.fr\/index.php\/wp-json\/wp\/v2\/pages\/554\/revisions\/703"}],"wp:attachment":[{"href":"https:\/\/poney-club-chavanod.fr\/index.php\/wp-json\/wp\/v2\/media?parent=554"}],"curies":[{"name":"wp","href":"https:\/\/api.w.org\/{rel}","templated":true}]}}