{"id":8,"date":"2023-02-19T18:02:51","date_gmt":"2023-02-19T17:02:51","guid":{"rendered":"https:\/\/poney-club-chavanod.fr\/?page_id=8"},"modified":"2026-04-15T10:05:47","modified_gmt":"2026-04-15T08:05:47","slug":"poney","status":"publish","type":"page","link":"https:\/\/poney-club-chavanod.fr\/","title":{"rendered":"Pr\u00e9sentation"},"content":{"rendered":"\n<figure class=\"wp-block-image is-resized\"><img decoding=\"async\" src=\"https:\/\/poneyclubchavanod.files.wordpress.com\/2023\/01\/img_8838.jpg?w=1024\" alt=\"\" style=\"width:1130px;height:auto\"\/><\/figure>\n\n\n\n<p><\/p>\n\n\n\n<\/p>\n<p>\u00a0<\/p>\n<p align=\"justify\">Le Poney Club de Chavanod est un centre \u00e9questre familial. Il se situe dans un \u00e9crin de verdure sur la commune de Chavanod, \u00e0 seulement 10 minutes d&rsquo;Annecy.<\/p>\n<p>\n\n\n<\/p>\n<p>\n\n\n<\/p>\n<p>\u00a0<\/p>\n<p align=\"justify\">Les chevaux profitent des paddocks en herbe lorsqu&rsquo;ils sont au repos, et ce, tout au long de l&rsquo;ann\u00e9e. En 10 ans, les \u00e9curies se sont d\u00e9velopp\u00e9es. Une deuxi\u00e8me \u00e9curie a notamment \u00e9t\u00e9 cr\u00e9\u00e9e afin d&rsquo;am\u00e9liorer le bien-\u00eatre des chevaux et des poneys.<\/p>\n<p>\n\n\n<\/p>\n<p>\n\n\n<p><\/p>\n\n\n\n<p>&nbsp;<\/p>\n\n\n\n<p>\u00c0 la t\u00eate du club, Gilles. Il est accompagn\u00e9 de d&rsquo;une monitrice dipl\u00f4m\u00e9es d&rsquo;\u00c9tat, Sonia. Tous ont \u00e0 c\u0153ur d&rsquo;offrir des conditions d&rsquo;apprentissage optimales aux cavaliers. Deux alternantes sont aussi pr\u00e9sentes : Aliz\u00e9e et L\u00e9a.<\/p>\n\n\n\n<p><\/p>\n\n\n<\/p>\n<p><!-- \/wp:post-content --><\/p>\n<p><!-- wp:spacer {\"height\":\"16px\",\"style\":{\"spacing\":{\"margin\":{\"top\":\"var:preset|spacing|20\",\"bottom\":\"var:preset|spacing|20\"}}}} --><\/p>\n<\/p>\n<p><!-- \/wp:spacer --><\/p>\n<p><!-- wp:columns {\"verticalAlignment\":\"bottom\",\"style\":{\"color\":{\"background\":\"#fceed7\"},\"border\":{\"radius\":\"0px\",\"width\":\"0px\",\"style\":\"none\"}}} --><\/p>\n<p><!-- wp:column {\"verticalAlignment\":\"bottom\"} --><\/p>\n<p><!-- wp:heading {\"textAlign\":\"center\",\"className\":\"wp-block-heading\"} --><\/p>\n<h2>Le Baby Poney<\/h2>\n<p align=\"justify\">Initiation au poney pour les enfants d\u00e8s l&rsquo;\u00e2ge de 3 ans avec le Baby Poney. Le Poney Club de Chavanod est le seul centre \u00e9questre du bassin ann\u00e9cien \u00e0 proposer cette activit\u00e9 permettant aux plus jeunes de se familiariser avec les poneys.<\/p>\n<p align=\"justify\"><strong>Les plus du Baby Poney :<\/strong><\/p>\n<p>\u2022 Des poneys fiables<br \/>\u2022 Un man\u00e8ge s\u00e9curis\u00e9<br \/>\u2022 Des r\u00eanes poisson ou toutch<br \/>\u2022 Des disciplines vari\u00e9s &#8211; tir \u00e0 l&rsquo;arc, poney laser, pony games<br \/>\u2022 Un mat\u00e9riel adapt\u00e9 et riche<\/p>\n<p><!-- \/wp:heading --><\/p>\n<p><!-- wp:paragraph --><\/p>\n<\/p>\n<p align=\"justify\"><em><strong>Retrouvez les horaires du <a href=\"https:\/\/poney-club-chavanod.fr\/index.php\/planning-des-cours\/\">Baby Poney<\/a>.<\/strong><\/em><\/p>\n<figure>\n<p><!-- \/wp:paragraph --><\/p>\n<\/figure>\n<p><!-- \/wp:column --><\/p>\n<figure><a href=\"http:\/\/poney-club-chavanod.fr\/wp-content\/uploads\/2023\/03\/IMG_8821-scaled.jpg\" data-elementor-open-lightbox=\"yes\" data-elementor-lightbox-slideshow=\"ab92c48\" data-elementor-lightbox-title=\"IMG_8821\" data-e-action-hash=\"#elementor-action%3Aaction%3Dlightbox%26settings%3DeyJpZCI6MTcwLCJ1cmwiOiJodHRwOlwvXC9wb25leS1jbHViLWNoYXZhbm9kLmZyXC93cC1jb250ZW50XC91cGxvYWRzXC8yMDIzXC8wM1wvSU1HXzg4MjEtc2NhbGVkLmpwZyIsInNsaWRlc2hvdyI6ImFiOTJjNDgifQ%3D%3D\"><img fetchpriority=\"high\" decoding=\"async\" src=\"http:\/\/poney-club-chavanod.fr\/wp-content\/uploads\/2023\/03\/IMG_8821-1024x683.jpg\" sizes=\"(max-width: 1024px) 100vw, 1024px\" srcset=\"https:\/\/poney-club-chavanod.fr\/wp-content\/uploads\/2023\/03\/IMG_8821-1024x683.jpg 1024w, https:\/\/poney-club-chavanod.fr\/wp-content\/uploads\/2023\/03\/IMG_8821-300x200.jpg 300w, https:\/\/poney-club-chavanod.fr\/wp-content\/uploads\/2023\/03\/IMG_8821-768x512.jpg 768w, https:\/\/poney-club-chavanod.fr\/wp-content\/uploads\/2023\/03\/IMG_8821-1536x1024.jpg 1536w, https:\/\/poney-club-chavanod.fr\/wp-content\/uploads\/2023\/03\/IMG_8821-2048x1365.jpg 2048w\" alt=\"\" width=\"1024\" height=\"683\" \/><\/a><\/figure>\n<figure><a href=\"http:\/\/poney-club-chavanod.fr\/wp-content\/uploads\/2023\/03\/IMG_8810-scaled.jpg\" data-elementor-open-lightbox=\"yes\" data-elementor-lightbox-slideshow=\"ab92c48\" data-elementor-lightbox-title=\"chevaux poney club chavanod pr\u00e9\" data-e-action-hash=\"#elementor-action%3Aaction%3Dlightbox%26settings%3DeyJpZCI6MTYyLCJ1cmwiOiJodHRwOlwvXC9wb25leS1jbHViLWNoYXZhbm9kLmZyXC93cC1jb250ZW50XC91cGxvYWRzXC8yMDIzXC8wM1wvSU1HXzg4MTAtc2NhbGVkLmpwZyIsInNsaWRlc2hvdyI6ImFiOTJjNDgifQ%3D%3D\"><img decoding=\"async\" src=\"http:\/\/poney-club-chavanod.fr\/wp-content\/uploads\/2023\/03\/IMG_8810-1024x683.jpg\" sizes=\"(max-width: 1024px) 100vw, 1024px\" srcset=\"https:\/\/poney-club-chavanod.fr\/wp-content\/uploads\/2023\/03\/IMG_8810-1024x683.jpg 1024w, https:\/\/poney-club-chavanod.fr\/wp-content\/uploads\/2023\/03\/IMG_8810-300x200.jpg 300w, https:\/\/poney-club-chavanod.fr\/wp-content\/uploads\/2023\/03\/IMG_8810-768x512.jpg 768w, https:\/\/poney-club-chavanod.fr\/wp-content\/uploads\/2023\/03\/IMG_8810-1536x1024.jpg 1536w, https:\/\/poney-club-chavanod.fr\/wp-content\/uploads\/2023\/03\/IMG_8810-2048x1365.jpg 2048w\" alt=\"chevaux poney club chavanod pr\u00e9\" width=\"1024\" height=\"683\" \/><\/a><\/figure>\n<figure><a href=\"http:\/\/poney-club-chavanod.fr\/wp-content\/uploads\/2023\/03\/IMG_8847-scaled.jpg\" data-elementor-open-lightbox=\"yes\" data-elementor-lightbox-slideshow=\"ab92c48\" data-elementor-lightbox-title=\"chevaux pr\u00e9 chavanod\" data-e-action-hash=\"#elementor-action%3Aaction%3Dlightbox%26settings%3DeyJpZCI6MTYzLCJ1cmwiOiJodHRwOlwvXC9wb25leS1jbHViLWNoYXZhbm9kLmZyXC93cC1jb250ZW50XC91cGxvYWRzXC8yMDIzXC8wM1wvSU1HXzg4NDctc2NhbGVkLmpwZyIsInNsaWRlc2hvdyI6ImFiOTJjNDgifQ%3D%3D\"><img decoding=\"async\" src=\"http:\/\/poney-club-chavanod.fr\/wp-content\/uploads\/2023\/03\/IMG_8847-1024x683.jpg\" sizes=\"(max-width: 1024px) 100vw, 1024px\" srcset=\"https:\/\/poney-club-chavanod.fr\/wp-content\/uploads\/2023\/03\/IMG_8847-1024x683.jpg 1024w, https:\/\/poney-club-chavanod.fr\/wp-content\/uploads\/2023\/03\/IMG_8847-300x200.jpg 300w, https:\/\/poney-club-chavanod.fr\/wp-content\/uploads\/2023\/03\/IMG_8847-768x512.jpg 768w, https:\/\/poney-club-chavanod.fr\/wp-content\/uploads\/2023\/03\/IMG_8847-1536x1024.jpg 1536w, https:\/\/poney-club-chavanod.fr\/wp-content\/uploads\/2023\/03\/IMG_8847-2048x1365.jpg 2048w\" alt=\"chevaux pr\u00e9 chavanod\" width=\"1024\" height=\"683\" \/><\/a><\/figure>\n<figure><a href=\"http:\/\/poney-club-chavanod.fr\/wp-content\/uploads\/2023\/02\/IMG_8793-scaled.jpg\" data-elementor-open-lightbox=\"yes\" data-elementor-lightbox-slideshow=\"ab92c48\" data-elementor-lightbox-title=\"IMG_8793\" data-e-action-hash=\"#elementor-action%3Aaction%3Dlightbox%26settings%3DeyJpZCI6NjYsInVybCI6Imh0dHA6XC9cL3BvbmV5LWNsdWItY2hhdmFub2QuZnJcL3dwLWNvbnRlbnRcL3VwbG9hZHNcLzIwMjNcLzAyXC9JTUdfODc5My1zY2FsZWQuanBnIiwic2xpZGVzaG93IjoiYWI5MmM0OCJ9\"><img loading=\"lazy\" decoding=\"async\" src=\"http:\/\/poney-club-chavanod.fr\/wp-content\/uploads\/2023\/02\/IMG_8793-1024x683.jpg\" sizes=\"(max-width: 1024px) 100vw, 1024px\" srcset=\"https:\/\/poney-club-chavanod.fr\/wp-content\/uploads\/2023\/02\/IMG_8793-1024x683.jpg 1024w, https:\/\/poney-club-chavanod.fr\/wp-content\/uploads\/2023\/02\/IMG_8793-300x200.jpg 300w, https:\/\/poney-club-chavanod.fr\/wp-content\/uploads\/2023\/02\/IMG_8793-768x512.jpg 768w, https:\/\/poney-club-chavanod.fr\/wp-content\/uploads\/2023\/02\/IMG_8793-1536x1024.jpg 1536w, https:\/\/poney-club-chavanod.fr\/wp-content\/uploads\/2023\/02\/IMG_8793-2048x1365.jpg 2048w\" alt=\"\" width=\"1024\" height=\"683\" \/><\/a><\/figure>\n<p><!-- \/wp:columns --><\/p>","protected":false},"excerpt":{"rendered":"<p>\u00a0 Le Poney Club de Chavanod est un centre \u00e9questre familial. Il se situe dans un \u00e9crin de verdure sur la commune de Chavanod, \u00e0 seulement 10 minutes d&rsquo;Annecy. \u00a0 Les chevaux profitent des paddocks en herbe lorsqu&rsquo;ils sont au repos, et ce, tout au long de l&rsquo;ann\u00e9e. En 10 ans, les \u00e9curies se sont &hellip;<\/p>\n<p class=\"read-more\"> <a class=\"\" href=\"https:\/\/poney-club-chavanod.fr\/\"> <span class=\"screen-reader-text\">Pr\u00e9sentation<\/span> Lire la suite\u00a0\u00bb<\/a><\/p>\n","protected":false},"author":1,"featured_media":0,"parent":0,"menu_order":0,"comment_status":"closed","ping_status":"closed","template":"","meta":{"site-sidebar-layout":"default","site-content-layout":"default","ast-global-header-display":"","ast-main-header-display":"","ast-hfb-above-header-display":"","ast-hfb-below-header-display":"","ast-hfb-mobile-header-display":"","site-post-title":"disabled","ast-breadcrumbs-content":"","ast-featured-img":"","footer-sml-layout":"","theme-transparent-header-meta":"","adv-header-id-meta":"","stick-header-meta":"","header-above-stick-meta":"","header-main-stick-meta":"","header-below-stick-meta":"","footnotes":""},"class_list":["post-8","page","type-page","status-publish","hentry"],"_links":{"self":[{"href":"https:\/\/poney-club-chavanod.fr\/index.php\/wp-json\/wp\/v2\/pages\/8","targetHints":{"allow":["GET"]}}],"collection":[{"href":"https:\/\/poney-club-chavanod.fr\/index.php\/wp-json\/wp\/v2\/pages"}],"about":[{"href":"https:\/\/poney-club-chavanod.fr\/index.php\/wp-json\/wp\/v2\/types\/page"}],"author":[{"embeddable":true,"href":"https:\/\/poney-club-chavanod.fr\/index.php\/wp-json\/wp\/v2\/users\/1"}],"replies":[{"embeddable":true,"href":"https:\/\/poney-club-chavanod.fr\/index.php\/wp-json\/wp\/v2\/comments?post=8"}],"version-history":[{"count":72,"href":"https:\/\/poney-club-chavanod.fr\/index.php\/wp-json\/wp\/v2\/pages\/8\/revisions"}],"predecessor-version":[{"id":754,"href":"https:\/\/poney-club-chavanod.fr\/index.php\/wp-json\/wp\/v2\/pages\/8\/revisions\/754"}],"wp:attachment":[{"href":"https:\/\/poney-club-chavanod.fr\/index.php\/wp-json\/wp\/v2\/media?parent=8"}],"curies":[{"name":"wp","href":"https:\/\/api.w.org\/{rel}","templated":true}]}}