{"id":91,"date":"2023-02-28T23:36:13","date_gmt":"2023-02-28T22:36:13","guid":{"rendered":"https:\/\/poney-club-chavanod.fr\/?page_id=91"},"modified":"2025-06-11T22:12:24","modified_gmt":"2025-06-11T20:12:24","slug":"inscriptions","status":"publish","type":"page","link":"https:\/\/poney-club-chavanod.fr\/index.php\/poney\/inscriptions\/","title":{"rendered":"Inscriptions"},"content":{"rendered":"\n<p class=\"has-medium-font-size\">Les inscriptions sont ouvertes pour l&rsquo;ann\u00e9e 2025 &#8211; 2026<\/p>\n\n\n\n<p>Venez vous renseigner aupr\u00e8s de Gilles Sonia et Aliz\u00e9e.<\/p>\n\n\n\n<p><\/p>\n","protected":false},"excerpt":{"rendered":"<p>Les inscriptions sont ouvertes pour l&rsquo;ann\u00e9e 2025 &#8211; 2026 Venez vous renseigner aupr\u00e8s de Gilles Sonia et Aliz\u00e9e.<\/p>\n","protected":false},"author":1,"featured_media":0,"parent":8,"menu_order":3,"comment_status":"closed","ping_status":"closed","template":"","meta":{"site-sidebar-layout":"default","site-content-layout":"default","ast-global-header-display":"","ast-main-header-display":"","ast-hfb-above-header-display":"","ast-hfb-below-header-display":"","ast-hfb-mobile-header-display":"","site-post-title":"","ast-breadcrumbs-content":"","ast-featured-img":"","footer-sml-layout":"","theme-transparent-header-meta":"","adv-header-id-meta":"","stick-header-meta":"","header-above-stick-meta":"","header-main-stick-meta":"","header-below-stick-meta":"","footnotes":""},"class_list":["post-91","page","type-page","status-publish","hentry"],"_links":{"self":[{"href":"https:\/\/poney-club-chavanod.fr\/index.php\/wp-json\/wp\/v2\/pages\/91","targetHints":{"allow":["GET"]}}],"collection":[{"href":"https:\/\/poney-club-chavanod.fr\/index.php\/wp-json\/wp\/v2\/pages"}],"about":[{"href":"https:\/\/poney-club-chavanod.fr\/index.php\/wp-json\/wp\/v2\/types\/page"}],"author":[{"embeddable":true,"href":"https:\/\/poney-club-chavanod.fr\/index.php\/wp-json\/wp\/v2\/users\/1"}],"replies":[{"embeddable":true,"href":"https:\/\/poney-club-chavanod.fr\/index.php\/wp-json\/wp\/v2\/comments?post=91"}],"version-history":[{"count":4,"href":"https:\/\/poney-club-chavanod.fr\/index.php\/wp-json\/wp\/v2\/pages\/91\/revisions"}],"predecessor-version":[{"id":533,"href":"https:\/\/poney-club-chavanod.fr\/index.php\/wp-json\/wp\/v2\/pages\/91\/revisions\/533"}],"up":[{"embeddable":true,"href":"https:\/\/poney-club-chavanod.fr\/index.php\/wp-json\/wp\/v2\/pages\/8"}],"wp:attachment":[{"href":"https:\/\/poney-club-chavanod.fr\/index.php\/wp-json\/wp\/v2\/media?parent=91"}],"curies":[{"name":"wp","href":"https:\/\/api.w.org\/{rel}","templated":true}]}}